{"id":9922,"date":"2018-08-09T11:15:42","date_gmt":"2018-08-09T09:15:42","guid":{"rendered":"https:\/\/memisa.be\/?page_id=9922"},"modified":"2025-12-16T14:34:50","modified_gmt":"2025-12-16T13:34:50","slug":"jobs","status":"publish","type":"page","link":"https:\/\/memisa.be\/fr\/jobs\/","title":{"rendered":"Jobs"},"content":{"rendered":"","protected":false},"excerpt":{"rendered":"","protected":false},"author":1,"featured_media":8966,"parent":0,"menu_order":0,"comment_status":"closed","ping_status":"closed","template":"","meta":{"_acf_changed":false,"_sitemap_exclude":false,"_sitemap_priority":"","_sitemap_frequency":"","footnotes":""},"class_list":["post-9922","page","type-page","status-publish","has-post-thumbnail","hentry"],"acf":[],"yoast_head":"<!-- This site is optimized with the Yoast SEO plugin v26.8 - https:\/\/yoast.com\/product\/yoast-seo-wordpress\/ -->\n<title>Emploi ONG Belgique | Memisa<\/title>\n<meta name=\"description\" content=\"Vous \u00eates \u00e0 la recherche d\u2019un emploi, d\u2019un stage ou de b\u00e9n\u00e9volat aupr\u00e8s d\u2019une ONG belge ? Memisa lutte pour un acc\u00e8s aux soins de sant\u00e9 pour tous(tes).\" \/>\n<meta name=\"robots\" content=\"index, follow, max-snippet:-1, max-image-preview:large, max-video-preview:-1\" \/>\n<link rel=\"canonical\" href=\"https:\/\/memisa.be\/fr\/jobs\/\" \/>\n<meta property=\"og:locale\" content=\"fr_FR\" \/>\n<meta property=\"og:type\" content=\"article\" \/>\n<meta property=\"og:title\" content=\"Emploi ONG Belgique | Memisa\" \/>\n<meta property=\"og:description\" content=\"Vous \u00eates \u00e0 la recherche d\u2019un emploi, d\u2019un stage ou de b\u00e9n\u00e9volat aupr\u00e8s d\u2019une ONG belge ? Memisa lutte pour un acc\u00e8s aux soins de sant\u00e9 pour tous(tes).\" \/>\n<meta property=\"og:url\" content=\"https:\/\/memisa.be\/fr\/jobs\/\" \/>\n<meta property=\"og:site_name\" content=\"Memisa\" \/>\n<meta property=\"article:modified_time\" content=\"2025-12-16T13:34:50+00:00\" \/>\n<meta property=\"og:image\" content=\"https:\/\/memisa.be\/wp-content\/uploads\/2018\/08\/Congo15-939.jpg\" \/>\n\t<meta property=\"og:image:width\" content=\"1460\" \/>\n\t<meta property=\"og:image:height\" content=\"973\" \/>\n\t<meta property=\"og:image:type\" content=\"image\/jpeg\" \/>\n<meta name=\"twitter:card\" content=\"summary_large_image\" \/>\n<meta name=\"twitter:label1\" content=\"Dur\u00e9e de lecture estim\u00e9e\" \/>\n\t<meta name=\"twitter:data1\" content=\"1 minute\" \/>\n<script type=\"application\/ld+json\" class=\"yoast-schema-graph\">{\"@context\":\"https:\/\/schema.org\",\"@graph\":[{\"@type\":\"WebPage\",\"@id\":\"https:\/\/memisa.be\/fr\/jobs\/\",\"url\":\"https:\/\/memisa.be\/fr\/jobs\/\",\"name\":\"Emploi ONG Belgique | Memisa\",\"isPartOf\":{\"@id\":\"https:\/\/memisa.be\/fr\/#website\"},\"primaryImageOfPage\":{\"@id\":\"https:\/\/memisa.be\/fr\/jobs\/#primaryimage\"},\"image\":{\"@id\":\"https:\/\/memisa.be\/fr\/jobs\/#primaryimage\"},\"thumbnailUrl\":\"https:\/\/memisa.be\/wp-content\/uploads\/2018\/08\/Congo15-939.jpg\",\"datePublished\":\"2018-08-09T09:15:42+00:00\",\"dateModified\":\"2025-12-16T13:34:50+00:00\",\"description\":\"Vous \u00eates \u00e0 la recherche d\u2019un emploi, d\u2019un stage ou de b\u00e9n\u00e9volat aupr\u00e8s d\u2019une ONG belge ? Memisa lutte pour un acc\u00e8s aux soins de sant\u00e9 pour tous(tes).\",\"breadcrumb\":{\"@id\":\"https:\/\/memisa.be\/fr\/jobs\/#breadcrumb\"},\"inLanguage\":\"fr-FR\",\"potentialAction\":[{\"@type\":\"ReadAction\",\"target\":[\"https:\/\/memisa.be\/fr\/jobs\/\"]}]},{\"@type\":\"ImageObject\",\"inLanguage\":\"fr-FR\",\"@id\":\"https:\/\/memisa.be\/fr\/jobs\/#primaryimage\",\"url\":\"https:\/\/memisa.be\/wp-content\/uploads\/2018\/08\/Congo15-939.jpg\",\"contentUrl\":\"https:\/\/memisa.be\/wp-content\/uploads\/2018\/08\/Congo15-939.jpg\",\"width\":1460,\"height\":973},{\"@type\":\"BreadcrumbList\",\"@id\":\"https:\/\/memisa.be\/fr\/jobs\/#breadcrumb\",\"itemListElement\":[{\"@type\":\"ListItem\",\"position\":1,\"name\":\"Home\",\"item\":\"https:\/\/memisa.be\/fr\/\"},{\"@type\":\"ListItem\",\"position\":2,\"name\":\"Jobs\"}]},{\"@type\":\"WebSite\",\"@id\":\"https:\/\/memisa.be\/fr\/#website\",\"url\":\"https:\/\/memisa.be\/fr\/\",\"name\":\"Memisa\",\"description\":\"Un site utilisant WordPress\",\"potentialAction\":[{\"@type\":\"SearchAction\",\"target\":{\"@type\":\"EntryPoint\",\"urlTemplate\":\"https:\/\/memisa.be\/fr\/?s={search_term_string}\"},\"query-input\":{\"@type\":\"PropertyValueSpecification\",\"valueRequired\":true,\"valueName\":\"search_term_string\"}}],\"inLanguage\":\"fr-FR\"}]}<\/script>\n<!-- \/ Yoast SEO plugin. -->","yoast_head_json":{"title":"Emploi ONG Belgique | Memisa","description":"Vous \u00eates \u00e0 la recherche d\u2019un emploi, d\u2019un stage ou de b\u00e9n\u00e9volat aupr\u00e8s d\u2019une ONG belge ? Memisa lutte pour un acc\u00e8s aux soins de sant\u00e9 pour tous(tes).","robots":{"index":"index","follow":"follow","max-snippet":"max-snippet:-1","max-image-preview":"max-image-preview:large","max-video-preview":"max-video-preview:-1"},"canonical":"https:\/\/memisa.be\/fr\/jobs\/","og_locale":"fr_FR","og_type":"article","og_title":"Emploi ONG Belgique | Memisa","og_description":"Vous \u00eates \u00e0 la recherche d\u2019un emploi, d\u2019un stage ou de b\u00e9n\u00e9volat aupr\u00e8s d\u2019une ONG belge ? Memisa lutte pour un acc\u00e8s aux soins de sant\u00e9 pour tous(tes).","og_url":"https:\/\/memisa.be\/fr\/jobs\/","og_site_name":"Memisa","article_modified_time":"2025-12-16T13:34:50+00:00","og_image":[{"width":1460,"height":973,"url":"https:\/\/memisa.be\/wp-content\/uploads\/2018\/08\/Congo15-939.jpg","type":"image\/jpeg"}],"twitter_card":"summary_large_image","twitter_misc":{"Dur\u00e9e de lecture estim\u00e9e":"1 minute"},"schema":{"@context":"https:\/\/schema.org","@graph":[{"@type":"WebPage","@id":"https:\/\/memisa.be\/fr\/jobs\/","url":"https:\/\/memisa.be\/fr\/jobs\/","name":"Emploi ONG Belgique | Memisa","isPartOf":{"@id":"https:\/\/memisa.be\/fr\/#website"},"primaryImageOfPage":{"@id":"https:\/\/memisa.be\/fr\/jobs\/#primaryimage"},"image":{"@id":"https:\/\/memisa.be\/fr\/jobs\/#primaryimage"},"thumbnailUrl":"https:\/\/memisa.be\/wp-content\/uploads\/2018\/08\/Congo15-939.jpg","datePublished":"2018-08-09T09:15:42+00:00","dateModified":"2025-12-16T13:34:50+00:00","description":"Vous \u00eates \u00e0 la recherche d\u2019un emploi, d\u2019un stage ou de b\u00e9n\u00e9volat aupr\u00e8s d\u2019une ONG belge ? Memisa lutte pour un acc\u00e8s aux soins de sant\u00e9 pour tous(tes).","breadcrumb":{"@id":"https:\/\/memisa.be\/fr\/jobs\/#breadcrumb"},"inLanguage":"fr-FR","potentialAction":[{"@type":"ReadAction","target":["https:\/\/memisa.be\/fr\/jobs\/"]}]},{"@type":"ImageObject","inLanguage":"fr-FR","@id":"https:\/\/memisa.be\/fr\/jobs\/#primaryimage","url":"https:\/\/memisa.be\/wp-content\/uploads\/2018\/08\/Congo15-939.jpg","contentUrl":"https:\/\/memisa.be\/wp-content\/uploads\/2018\/08\/Congo15-939.jpg","width":1460,"height":973},{"@type":"BreadcrumbList","@id":"https:\/\/memisa.be\/fr\/jobs\/#breadcrumb","itemListElement":[{"@type":"ListItem","position":1,"name":"Home","item":"https:\/\/memisa.be\/fr\/"},{"@type":"ListItem","position":2,"name":"Jobs"}]},{"@type":"WebSite","@id":"https:\/\/memisa.be\/fr\/#website","url":"https:\/\/memisa.be\/fr\/","name":"Memisa","description":"Un site utilisant WordPress","potentialAction":[{"@type":"SearchAction","target":{"@type":"EntryPoint","urlTemplate":"https:\/\/memisa.be\/fr\/?s={search_term_string}"},"query-input":{"@type":"PropertyValueSpecification","valueRequired":true,"valueName":"search_term_string"}}],"inLanguage":"fr-FR"}]}},"_links":{"self":[{"href":"https:\/\/memisa.be\/fr\/wp-json\/wp\/v2\/pages\/9922","targetHints":{"allow":["GET"]}}],"collection":[{"href":"https:\/\/memisa.be\/fr\/wp-json\/wp\/v2\/pages"}],"about":[{"href":"https:\/\/memisa.be\/fr\/wp-json\/wp\/v2\/types\/page"}],"author":[{"embeddable":true,"href":"https:\/\/memisa.be\/fr\/wp-json\/wp\/v2\/users\/1"}],"replies":[{"embeddable":true,"href":"https:\/\/memisa.be\/fr\/wp-json\/wp\/v2\/comments?post=9922"}],"version-history":[{"count":99,"href":"https:\/\/memisa.be\/fr\/wp-json\/wp\/v2\/pages\/9922\/revisions"}],"predecessor-version":[{"id":40943,"href":"https:\/\/memisa.be\/fr\/wp-json\/wp\/v2\/pages\/9922\/revisions\/40943"}],"wp:featuredmedia":[{"embeddable":true,"href":"https:\/\/memisa.be\/fr\/wp-json\/wp\/v2\/media\/8966"}],"wp:attachment":[{"href":"https:\/\/memisa.be\/fr\/wp-json\/wp\/v2\/media?parent=9922"}],"curies":[{"name":"wp","href":"https:\/\/api.w.org\/{rel}","templated":true}]}}