{"id":197,"date":"2018-04-19T15:21:18","date_gmt":"2018-04-19T13:21:18","guid":{"rendered":"https:\/\/mamasvoorhetleven.memisa.be\/?page_id=197"},"modified":"2026-03-10T10:31:23","modified_gmt":"2026-03-10T09:31:23","slug":"home","status":"publish","type":"page","link":"https:\/\/memisa.be\/fr\/","title":{"rendered":"Home"},"content":{"rendered":"","protected":false},"excerpt":{"rendered":"","protected":false},"author":1,"featured_media":0,"parent":0,"menu_order":0,"comment_status":"closed","ping_status":"closed","template":"","meta":{"_acf_changed":false,"_sitemap_exclude":false,"_sitemap_priority":"","_sitemap_frequency":"","footnotes":""},"class_list":["post-197","page","type-page","status-publish","hentry"],"acf":[],"yoast_head":"<!-- This site is optimized with the Yoast SEO plugin v26.8 - https:\/\/yoast.com\/product\/yoast-seo-wordpress\/ -->\n<title>Acc\u00e8s aux soins de sant\u00e9 Afrique - ONG Belgique | Memisa<\/title>\n<meta name=\"description\" content=\"Memisa est une ONG m\u00e9dicale belge de coop\u00e9ration au d\u00e9veloppement, luttant pour un acc\u00e8s aux soins de sant\u00e9 pour les plus vuln\u00e9rables. En savoir plus ici.\" \/>\n<meta name=\"robots\" content=\"index, follow, max-snippet:-1, max-image-preview:large, max-video-preview:-1\" \/>\n<link rel=\"canonical\" href=\"https:\/\/memisa.be\/fr\/\" \/>\n<meta property=\"og:locale\" content=\"fr_FR\" \/>\n<meta property=\"og:type\" content=\"article\" \/>\n<meta property=\"og:title\" content=\"Acc\u00e8s aux soins de sant\u00e9 Afrique - ONG Belgique | Memisa\" \/>\n<meta property=\"og:description\" content=\"Memisa est une organisation non gouvernementale (ONG) m\u00e9dicale belge de coop\u00e9ration au d\u00e9veloppement. Nous luttons pour un acc\u00e8s aux soins de sant\u00e9 pour toutes et tous, particuli\u00e8rement pour les plus vuln\u00e9rables. Deux de nos priorit\u00e9s sont les mortalit\u00e9s maternelle et infantile.\" \/>\n<meta property=\"og:url\" content=\"https:\/\/memisa.be\/fr\/\" \/>\n<meta property=\"og:site_name\" content=\"Memisa\" \/>\n<meta property=\"article:modified_time\" content=\"2026-03-10T09:31:23+00:00\" \/>\n<meta property=\"og:image\" content=\"https:\/\/memisa.be\/wp-content\/uploads\/2018\/08\/IMG_0527-e1534242971422.jpg\" \/>\n\t<meta property=\"og:image:width\" content=\"1460\" \/>\n\t<meta property=\"og:image:height\" content=\"973\" \/>\n\t<meta property=\"og:image:type\" content=\"image\/jpeg\" \/>\n<meta name=\"twitter:card\" content=\"summary_large_image\" \/>\n<script type=\"application\/ld+json\" class=\"yoast-schema-graph\">{\"@context\":\"https:\/\/schema.org\",\"@graph\":[{\"@type\":\"WebPage\",\"@id\":\"https:\/\/memisa.be\/fr\/\",\"url\":\"https:\/\/memisa.be\/fr\/\",\"name\":\"Acc\u00e8s aux soins de sant\u00e9 Afrique - ONG Belgique | Memisa\",\"isPartOf\":{\"@id\":\"https:\/\/memisa.be\/fr\/#website\"},\"datePublished\":\"2018-04-19T13:21:18+00:00\",\"dateModified\":\"2026-03-10T09:31:23+00:00\",\"description\":\"Memisa est une ONG m\u00e9dicale belge de coop\u00e9ration au d\u00e9veloppement, luttant pour un acc\u00e8s aux soins de sant\u00e9 pour les plus vuln\u00e9rables. En savoir plus ici.\",\"breadcrumb\":{\"@id\":\"https:\/\/memisa.be\/fr\/#breadcrumb\"},\"inLanguage\":\"fr-FR\",\"potentialAction\":[{\"@type\":\"ReadAction\",\"target\":[\"https:\/\/memisa.be\/fr\/\"]}]},{\"@type\":\"BreadcrumbList\",\"@id\":\"https:\/\/memisa.be\/fr\/#breadcrumb\",\"itemListElement\":[{\"@type\":\"ListItem\",\"position\":1,\"name\":\"Home\",\"item\":\"https:\/\/memisa.be\/fr\/\"},{\"@type\":\"ListItem\",\"position\":2,\"name\":\"Home\"}]},{\"@type\":\"WebSite\",\"@id\":\"https:\/\/memisa.be\/fr\/#website\",\"url\":\"https:\/\/memisa.be\/fr\/\",\"name\":\"Memisa\",\"description\":\"Un site utilisant WordPress\",\"potentialAction\":[{\"@type\":\"SearchAction\",\"target\":{\"@type\":\"EntryPoint\",\"urlTemplate\":\"https:\/\/memisa.be\/fr\/?s={search_term_string}\"},\"query-input\":{\"@type\":\"PropertyValueSpecification\",\"valueRequired\":true,\"valueName\":\"search_term_string\"}}],\"inLanguage\":\"fr-FR\"}]}<\/script>\n<!-- \/ Yoast SEO plugin. -->","yoast_head_json":{"title":"Acc\u00e8s aux soins de sant\u00e9 Afrique - ONG Belgique | Memisa","description":"Memisa est une ONG m\u00e9dicale belge de coop\u00e9ration au d\u00e9veloppement, luttant pour un acc\u00e8s aux soins de sant\u00e9 pour les plus vuln\u00e9rables. En savoir plus ici.","robots":{"index":"index","follow":"follow","max-snippet":"max-snippet:-1","max-image-preview":"max-image-preview:large","max-video-preview":"max-video-preview:-1"},"canonical":"https:\/\/memisa.be\/fr\/","og_locale":"fr_FR","og_type":"article","og_title":"Acc\u00e8s aux soins de sant\u00e9 Afrique - ONG Belgique | Memisa","og_description":"Memisa est une organisation non gouvernementale (ONG) m\u00e9dicale belge de coop\u00e9ration au d\u00e9veloppement. Nous luttons pour un acc\u00e8s aux soins de sant\u00e9 pour toutes et tous, particuli\u00e8rement pour les plus vuln\u00e9rables. Deux de nos priorit\u00e9s sont les mortalit\u00e9s maternelle et infantile.","og_url":"https:\/\/memisa.be\/fr\/","og_site_name":"Memisa","article_modified_time":"2026-03-10T09:31:23+00:00","og_image":[{"width":1460,"height":973,"url":"https:\/\/memisa.be\/wp-content\/uploads\/2018\/08\/IMG_0527-e1534242971422.jpg","type":"image\/jpeg"}],"twitter_card":"summary_large_image","schema":{"@context":"https:\/\/schema.org","@graph":[{"@type":"WebPage","@id":"https:\/\/memisa.be\/fr\/","url":"https:\/\/memisa.be\/fr\/","name":"Acc\u00e8s aux soins de sant\u00e9 Afrique - ONG Belgique | Memisa","isPartOf":{"@id":"https:\/\/memisa.be\/fr\/#website"},"datePublished":"2018-04-19T13:21:18+00:00","dateModified":"2026-03-10T09:31:23+00:00","description":"Memisa est une ONG m\u00e9dicale belge de coop\u00e9ration au d\u00e9veloppement, luttant pour un acc\u00e8s aux soins de sant\u00e9 pour les plus vuln\u00e9rables. En savoir plus ici.","breadcrumb":{"@id":"https:\/\/memisa.be\/fr\/#breadcrumb"},"inLanguage":"fr-FR","potentialAction":[{"@type":"ReadAction","target":["https:\/\/memisa.be\/fr\/"]}]},{"@type":"BreadcrumbList","@id":"https:\/\/memisa.be\/fr\/#breadcrumb","itemListElement":[{"@type":"ListItem","position":1,"name":"Home","item":"https:\/\/memisa.be\/fr\/"},{"@type":"ListItem","position":2,"name":"Home"}]},{"@type":"WebSite","@id":"https:\/\/memisa.be\/fr\/#website","url":"https:\/\/memisa.be\/fr\/","name":"Memisa","description":"Un site utilisant WordPress","potentialAction":[{"@type":"SearchAction","target":{"@type":"EntryPoint","urlTemplate":"https:\/\/memisa.be\/fr\/?s={search_term_string}"},"query-input":{"@type":"PropertyValueSpecification","valueRequired":true,"valueName":"search_term_string"}}],"inLanguage":"fr-FR"}]}},"_links":{"self":[{"href":"https:\/\/memisa.be\/fr\/wp-json\/wp\/v2\/pages\/197","targetHints":{"allow":["GET"]}}],"collection":[{"href":"https:\/\/memisa.be\/fr\/wp-json\/wp\/v2\/pages"}],"about":[{"href":"https:\/\/memisa.be\/fr\/wp-json\/wp\/v2\/types\/page"}],"author":[{"embeddable":true,"href":"https:\/\/memisa.be\/fr\/wp-json\/wp\/v2\/users\/1"}],"replies":[{"embeddable":true,"href":"https:\/\/memisa.be\/fr\/wp-json\/wp\/v2\/comments?post=197"}],"version-history":[{"count":16,"href":"https:\/\/memisa.be\/fr\/wp-json\/wp\/v2\/pages\/197\/revisions"}],"predecessor-version":[{"id":41711,"href":"https:\/\/memisa.be\/fr\/wp-json\/wp\/v2\/pages\/197\/revisions\/41711"}],"wp:attachment":[{"href":"https:\/\/memisa.be\/fr\/wp-json\/wp\/v2\/media?parent=197"}],"curies":[{"name":"wp","href":"https:\/\/api.w.org\/{rel}","templated":true}]}}